{"id":28,"date":"2015-01-06T11:46:45","date_gmt":"2015-01-06T10:46:45","guid":{"rendered":"http:\/\/wp10590344.server-he.de\/irrecams2\/?page_id=28"},"modified":"2021-01-18T17:55:55","modified_gmt":"2021-01-18T16:55:55","slug":"infrarot-fotografie","status":"publish","type":"page","link":"https:\/\/irrecams.de\/staging\/infrarot-fotografie\/","title":{"rendered":"Infrarot Fotografie"},"content":{"rendered":"\n<p>&#8222;Infrarot Fotografie? Das habe ich noch nie geh\u00f6rt.&#8220; Aber mit gro\u00dfer Sicherheit schon einmal gesehen, ohne zu wissen dass es Infrarotfotografie ist. Das Fotografieren im Infrarotbereich produziert einen unverkennbaren &#8222;Look&#8220;. Gr\u00fcnes Laub wird intensiv hell, ein blauer Himmel wird viel dunkler abgebildet und der Hautton von portr\u00e4tierten Personen geht in bla\u00dfe Pastelfarben \u00fcber. In der Infrarot Landschaftsfotografie gewinnen die Motive  an Kontrast und Brillanz, nicht zuletzt geht von Infrarotaufnahmen oft eine mystische und geheimnisvolle Wirkung aus. Doch worum geht es beim Fotografieren des Unsichtbaren \u00fcberhaupt?<\/p>\n\n\n\n<figure class=\"wp-block-image size-large\"><a href=\"http:\/\/irrecams.de\/staging\/wp-content\/uploads\/2021\/01\/SAM_6868.jpg\"><img decoding=\"async\" loading=\"lazy\" width=\"1024\" height=\"683\" src=\"http:\/\/irrecams.de\/staging\/wp-content\/uploads\/2021\/01\/SAM_6868-1024x683.jpg\" alt=\"630 nm\" class=\"wp-image-5877\" title=\"Infrarot Fotografie\" srcset=\"https:\/\/irrecams.de\/staging\/wp-content\/uploads\/2021\/01\/SAM_6868-1024x683.jpg 1024w, https:\/\/irrecams.de\/staging\/wp-content\/uploads\/2021\/01\/SAM_6868-300x200.jpg 300w, https:\/\/irrecams.de\/staging\/wp-content\/uploads\/2021\/01\/SAM_6868-768x513.jpg 768w, https:\/\/irrecams.de\/staging\/wp-content\/uploads\/2021\/01\/SAM_6868-350x234.jpg 350w, https:\/\/irrecams.de\/staging\/wp-content\/uploads\/2021\/01\/SAM_6868.jpg 1500w\" sizes=\"(max-width: 767px) 89vw, (max-width: 1000px) 54vw, (max-width: 1071px) 543px, 580px\" \/><\/a><\/figure>\n\n\n\n<h2 class=\"wp-block-heading\">Das Spektrum und unser Auge<\/h2>\n\n\n\n<p>Der Teil des elektromagnetischen Spektrums, den wir mit unserem Auge sehen k\u00f6nnen, ist sehr beschr\u00e4nkt. Zwischen ca. 400 nm (violett) bis ca. 700 nm (rot) Wellenl\u00e4nge spielt sich unsere Wahrnehmung ab, der Rest bleibt leider verborgen. Direkt an den sichtbaren Bereich (auch VIS Bereich) schlie\u00dft sich der nahe Ultraviolett und Infrarot Bereich an.<\/p>\n\n\n\n<figure class=\"wp-block-image size-large\"><a href=\"http:\/\/irrecams.de\/staging\/wp-content\/uploads\/2015\/01\/spektrum.jpg\"><img decoding=\"async\" loading=\"lazy\" width=\"1024\" height=\"301\" src=\"http:\/\/irrecams.de\/staging\/wp-content\/uploads\/2015\/01\/spektrum-1024x301.jpg\" alt=\"\" class=\"wp-image-199\" srcset=\"https:\/\/irrecams.de\/staging\/wp-content\/uploads\/2015\/01\/spektrum-1024x301.jpg 1024w, https:\/\/irrecams.de\/staging\/wp-content\/uploads\/2015\/01\/spektrum-350x103.jpg 350w, https:\/\/irrecams.de\/staging\/wp-content\/uploads\/2015\/01\/spektrum-300x88.jpg 300w, https:\/\/irrecams.de\/staging\/wp-content\/uploads\/2015\/01\/spektrum.jpg 1362w\" sizes=\"(max-width: 767px) 89vw, (max-width: 1000px) 54vw, (max-width: 1071px) 543px, 580px\" \/><\/a><\/figure>\n\n\n\n<p>Obwohl aufgrund der N\u00e4he zum sichtbaren (VIS) Bereich eigentlich kaum Unterschiede zu erwarten sind, beweisen die Bildergebnisse das Gegenteil. Pflanzen reflektieren in diesen Spektralbereichen das Licht nahezu vollst\u00e4ndig, um eine \u00dcberhitzung und Gewebesch\u00e4digung in Folge der Sonneneinstrahlung zu vermeiden. Das Ergebnis ist, dass pflanzliche Vegetation auf IR- Bildern sehr hell bis wei\u00df dargestellt werden. Dieser Effekt ist nicht durch einen Filter in der Nachbearbeitung berechenbar, so w\u00fcrde ja auch eine gr\u00fcner Pullover einfach wei\u00df verf\u00e4lschen.<\/p>\n\n\n\n<p>Um diese spektralbereiche nun f\u00fcr unser Auge sichtbar zu machen ben\u00f6tigen wir ein Werkzeug. Die Bildsensoren von allen markt\u00fcblichen digitalen Kameras sind grunds\u00e4tzlich gut daf\u00fcr geeignet den nahen Infrarot oder auch UV zu erfassen. Einzig der Werkszustand, in dem eine Kamera gekauft wird, macht es extrem schwer bis unm\u00f6glich Infrarot zu fotografieren. Welche M\u00f6glichkeiten es f\u00fcr die digitale Infrarot Fotografie gibt finden Sie im <a href=\"http:\/\/irrecams.de\/staging\/infrarot-umbau-technik-erklart\/\" class=\"rank-math-link\">Abschnitt Technik<\/a>.<\/p>\n\n\n\n<h2 class=\"wp-block-heading\">Bildwirkung von Infrarot Aufnahmen<\/h2>\n\n\n\n<p>Das unsichtbare zu fassen hat sicherlich seinen ganz eigenen Reiz. Objektiv betrachtet zeigen IR- Aufnahmen teilweise ganz andere Oberfl\u00e4chenbeschaffenheiten und die Bilder gewinnen oft an Brillanz und Kontrast. Das wohl offensichtlichste Merkmal der Infrarot Fotografie ist das helle Laub. Neben dem sogenannten Wood- Effekt f\u00e4llt auf, dass der Himmel und das Wasser viel dunkler aufgenommen werden. Oft l\u00e4sst sich, gerade in Verbindung mit Sch\u00e4fchenwolken, ein sehr sch\u00f6ner Kontrast im Himmel erreichen.<\/p>\n\n\n\n<figure class=\"wp-block-image size-large\"><a href=\"http:\/\/irrecams.de\/staging\/wp-content\/uploads\/2021\/01\/SAM_7784.jpg\"><img decoding=\"async\" loading=\"lazy\" width=\"1024\" height=\"684\" src=\"http:\/\/irrecams.de\/staging\/wp-content\/uploads\/2021\/01\/SAM_7784-1024x684.jpg\" alt=\"630 nm\" class=\"wp-image-5886\" srcset=\"https:\/\/irrecams.de\/staging\/wp-content\/uploads\/2021\/01\/SAM_7784-1024x684.jpg 1024w, https:\/\/irrecams.de\/staging\/wp-content\/uploads\/2021\/01\/SAM_7784-300x200.jpg 300w, https:\/\/irrecams.de\/staging\/wp-content\/uploads\/2021\/01\/SAM_7784-768x513.jpg 768w, https:\/\/irrecams.de\/staging\/wp-content\/uploads\/2021\/01\/SAM_7784-1536x1026.jpg 1536w, https:\/\/irrecams.de\/staging\/wp-content\/uploads\/2021\/01\/SAM_7784-350x234.jpg 350w, https:\/\/irrecams.de\/staging\/wp-content\/uploads\/2021\/01\/SAM_7784.jpg 2000w\" sizes=\"(max-width: 767px) 89vw, (max-width: 1000px) 54vw, (max-width: 1071px) 543px, 580px\" \/><\/a><\/figure>\n\n\n\n<p>IR- Aufnahmen wirken oft kontrastreich, nicht zuletzt weil viele im harte Mittagslicht entstanden sind. Dennoch sind Schatten und Spitzlichter gut durchgezeichnet. Das Laub in einer Landschaft wirkt als gro\u00dfer Reflektor und sorgt daf\u00fcr, dass auch in den Schatten von B\u00e4umen noch ausreichend Licht zur Verf\u00fcgung steht. Es lassen sich mit der Infrarot Fotografie einfach unverwechselbare Stimmungen kreieren. Eine bekannte Landschaft erstrahlt so in ganz neuem Licht. <\/p>\n\n\n\n<p>Der Gro\u00dfteil der Infrarot Fotografen ist in der Landschaftsfotografie aktiv, aber nat\u00fcrlich ist die Anwendung nicht nur darauf begrenzt. Wer sich in der IR-Portrait Fotografie versucht stellt schnell fest, dass  Menschliche Haut einen hellen und weichen Teint erh\u00e4lt. Das ist ein beliebter Effekt, nicht nur bei Hochzeitsfotografen.<\/p>\n\n\n\n<figure class=\"wp-block-image size-large\"><a href=\"http:\/\/irrecams.de\/staging\/wp-content\/uploads\/2021\/01\/IMGP9855.jpg\"><img decoding=\"async\" loading=\"lazy\" width=\"1024\" height=\"679\" src=\"http:\/\/irrecams.de\/staging\/wp-content\/uploads\/2021\/01\/IMGP9855-1024x679.jpg\" alt=\"\" class=\"wp-image-6015\" srcset=\"https:\/\/irrecams.de\/staging\/wp-content\/uploads\/2021\/01\/IMGP9855-1024x679.jpg 1024w, https:\/\/irrecams.de\/staging\/wp-content\/uploads\/2021\/01\/IMGP9855-300x199.jpg 300w, https:\/\/irrecams.de\/staging\/wp-content\/uploads\/2021\/01\/IMGP9855-768x509.jpg 768w, https:\/\/irrecams.de\/staging\/wp-content\/uploads\/2021\/01\/IMGP9855-350x232.jpg 350w, https:\/\/irrecams.de\/staging\/wp-content\/uploads\/2021\/01\/IMGP9855.jpg 1500w\" sizes=\"(max-width: 767px) 89vw, (max-width: 1000px) 54vw, (max-width: 1071px) 543px, 580px\" \/><\/a><\/figure>\n\n\n\n<h2 class=\"wp-block-heading\">Farb Infrarot Aufnahmen<\/h2>\n\n\n\n<p>Dabei hei\u00dft Infrarot zu fotografieren nicht immer nur Schwarz-Wei\u00df zu fotografieren. Je nach verwendetem Filter lassen sich Farb Infrarot Aufnahmen mit sehr abwechslungsreichen und beeindruckenden (Falsch-) Farben kreieren. Sobald nicht nur das reine Infrarotlicht \u00fcber 830 nm auf den Kamerasensor trifft, sondern noch eine Mischung von Wellenl\u00e4ngen aus dem sichtbaren Spektralbereich hinzu kommt, ergeben sich in dem digitalen Bild Farbinformationen. Diese sind nat\u00fcrlich zu 100 % artifiziell und haben nichts mit der tats\u00e4chlichen Natur von Infrarot Licht zu tun. Dennoch lassen sich mit dieser Art von &#8222;Artefakten&#8220; atemberaubende Stimmungen einfangen.<\/p>\n\n\n\n<figure class=\"wp-block-image size-large\"><a href=\"http:\/\/irrecams.de\/staging\/wp-content\/uploads\/2021\/01\/DSCF9277.jpg\"><img decoding=\"async\" loading=\"lazy\" width=\"681\" height=\"1024\" src=\"http:\/\/irrecams.de\/staging\/wp-content\/uploads\/2021\/01\/DSCF9277-681x1024.jpg\" alt=\"630 nm\" class=\"wp-image-5932\" srcset=\"https:\/\/irrecams.de\/staging\/wp-content\/uploads\/2021\/01\/DSCF9277-681x1024.jpg 681w, https:\/\/irrecams.de\/staging\/wp-content\/uploads\/2021\/01\/DSCF9277-200x300.jpg 200w, https:\/\/irrecams.de\/staging\/wp-content\/uploads\/2021\/01\/DSCF9277-768x1154.jpg 768w, https:\/\/irrecams.de\/staging\/wp-content\/uploads\/2021\/01\/DSCF9277-350x526.jpg 350w, https:\/\/irrecams.de\/staging\/wp-content\/uploads\/2021\/01\/DSCF9277.jpg 998w\" sizes=\"(max-width: 681px) 100vw, 681px\" \/><\/a><\/figure>\n\n\n\n<p>Solche Farben mit gelbem oder auch rotem Laub kommen allerdings nicht gleich aus Kamera, es ist in der Regel noch etwas Nachbearbeitung n\u00f6tig. Mehr Informationen zu den Bearbeitugnsschritten sind <a href=\"http:\/\/irrecams.de\/staging\/infrarot-nachbearbeitung\/\" class=\"rank-math-link\">auf der letzten Seite dieses Leitfadens<\/a> zusammengefasst. Mit deutlich weniger Nachbearbeitung kommt man mit dem <a href=\"http:\/\/irrecams.de\/staging\/infrarot-effekt-filter-im-vergleich\/#infrablue\" class=\"rank-math-link\">InfraBlue<\/a> Filter zum Ziel.<\/p>\n\n\n\n<div class=\"wp-block-buttons aligncenter is-layout-flex\">\n<div class=\"wp-block-button\"><a class=\"wp-block-button__link has-white-color has-vivid-red-background-color has-text-color has-background\" href=\"http:\/\/irrecams.de\/staging\/infrarot-galerie\/\" style=\"border-radius:5px\">Mehr Bildanregungen<\/a><\/div>\n\n\n\n<div class=\"wp-block-button\"><a class=\"wp-block-button__link has-white-color has-vivid-red-background-color has-text-color has-background\" href=\"http:\/\/irrecams.de\/staging\/infrarot-effekt-filter-im-vergleich\/\" style=\"border-radius:5px\">Mehr \u00fcber Filter<\/a><\/div>\n\n\n\n<div class=\"wp-block-button\"><a class=\"wp-block-button__link has-white-color has-vivid-red-background-color has-text-color has-background\" href=\"http:\/\/irrecams.de\/staging\/infrarot-umbau-technik-erklart\/\" style=\"border-radius:5px\">Mehr zum Kameraumbau<\/a><\/div>\n<\/div>\n\n\n\n<p><\/p>\n","protected":false},"excerpt":{"rendered":"<p>&#8222;Infrarot Fotografie? Das habe ich noch nie geh\u00f6rt.&#8220; Aber mit gro\u00dfer Sicherheit schon einmal gesehen, ohne zu wissen dass es Infrarotfotografie ist. Das Fotografieren im Infrarotbereich produziert einen unverkennbaren &#8222;Look&#8220;. Gr\u00fcnes Laub wird intensiv hell, ein blauer Himmel wird viel dunkler abgebildet und der Hautton von portr\u00e4tierten Personen geht in bla\u00dfe Pastelfarben \u00fcber. In der &hellip; <\/p>\n<p class=\"link-more\"><a href=\"https:\/\/irrecams.de\/staging\/infrarot-fotografie\/\" class=\"more-link\"><span class=\"screen-reader-text\">\u201eInfrarot Fotografie\u201c<\/span> weiterlesen<\/a><\/p>\n","protected":false},"author":1,"featured_media":0,"parent":0,"menu_order":1,"comment_status":"closed","ping_status":"closed","template":"","meta":[],"_links":{"self":[{"href":"https:\/\/irrecams.de\/staging\/wp-json\/wp\/v2\/pages\/28"}],"collection":[{"href":"https:\/\/irrecams.de\/staging\/wp-json\/wp\/v2\/pages"}],"about":[{"href":"https:\/\/irrecams.de\/staging\/wp-json\/wp\/v2\/types\/page"}],"author":[{"embeddable":true,"href":"https:\/\/irrecams.de\/staging\/wp-json\/wp\/v2\/users\/1"}],"replies":[{"embeddable":true,"href":"https:\/\/irrecams.de\/staging\/wp-json\/wp\/v2\/comments?post=28"}],"version-history":[{"count":2,"href":"https:\/\/irrecams.de\/staging\/wp-json\/wp\/v2\/pages\/28\/revisions"}],"predecessor-version":[{"id":6273,"href":"https:\/\/irrecams.de\/staging\/wp-json\/wp\/v2\/pages\/28\/revisions\/6273"}],"wp:attachment":[{"href":"https:\/\/irrecams.de\/staging\/wp-json\/wp\/v2\/media?parent=28"}],"curies":[{"name":"wp","href":"https:\/\/api.w.org\/{rel}","templated":true}]}}