{"id":32,"date":"2015-01-06T11:50:17","date_gmt":"2015-01-06T10:50:17","guid":{"rendered":"http:\/\/wp10590344.server-he.de\/irrecams2\/?page_id=32"},"modified":"2021-01-15T12:26:40","modified_gmt":"2021-01-15T11:26:40","slug":"infrarot-umbau-technik-erklart","status":"publish","type":"page","link":"https:\/\/irrecams.de\/staging\/infrarot-umbau-technik-erklart\/","title":{"rendered":"Infrarot Umbau &#8211; Technik erkl\u00e4rt"},"content":{"rendered":"\n<p>Eine normale Digitalkamera f\u00fcr die Infrarot Fotografie zu benutzen ist zwar theoretisch m\u00f6glich, aber eigentlich nicht zu empfehlen. Erst ein Infrarot Umbau er\u00f6ffnet alle M\u00f6glichkeiten und l\u00e4sst hochqualitative Bilder m\u00f6glich werden. Doch warum funktioniert die Infrarot Fotografie nicht mit normalen Kameras und welche verschiedenen M\u00f6glichkeiten gibt es f\u00fcr Spiegelreflex- und Spiegellose Digitalkameras?<\/p>\n\n\n\n<h2 class=\"wp-block-heading\">Funktion digitaler Kameras<\/h2>\n\n\n\n<p>Der Sensor einer Digitalkamera hat, im Gegensatz zu unserem Auge, die F\u00e4higkeit im Infrarot- Bereich zu &#8222;sehen&#8220;. Moderne Digialkameras mit CMOS oder CCD Sensoren sind in der Regel zwischen 350 nm und 1200 nm sensitiv. F\u00fcr noch langwelligere Infrarotstrahlung  gibt es spezielle W\u00e4rmebildkameras deren Sensoren nicht auf Silizium basieren. Das was wir also mit der IR- Fotografie aufzeichnen, die nahe Infrarot Strahlung, hat nichts mit Hitze zu tun.<\/p>\n\n\n\n<div class=\"wp-block-media-text alignwide has-media-on-the-right is-stacked-on-mobile\"><figure class=\"wp-block-media-text__media\"><a href=\"http:\/\/irrecams.de\/staging\/wp-content\/uploads\/2015\/01\/fnormal.jpg\"><img decoding=\"async\" loading=\"lazy\" width=\"250\" height=\"153\" src=\"http:\/\/irrecams.de\/staging\/wp-content\/uploads\/2015\/01\/fnormal.jpg\" alt=\"\" class=\"wp-image-205 size-full\"\/><\/a><\/figure><div class=\"wp-block-media-text__content\">\n<p>Von den Kameraherstellern wird bewusst ein Filter vor dem Sensor installiert, der nur den VIS Bereich auf den Sensor l\u00e4sst und sowohl UV als auch IR sperrt. <\/p>\n<\/div><\/div>\n\n\n\n<p>Der sogenannte Hotmirror Filter leistet in der klassischen Digitalfotografie einen gro\u00dfen Beitrag zur Bildsch\u00e4rfe und Farbwiedergabe. F\u00fcr die Infrarotfotografen ist dieser Filter allerdings ein Dorn im Auge.<\/p>\n\n\n\n<h2 class=\"wp-block-heading\">Infrarot Fotografie mit Schraubfilter<\/h2>\n\n\n\n<p>Bei vielen \u00e4lteren Kameramodellen sperrt der Hotmirrorfilter gl\u00fccklicherweise nicht zu 100 % das IR Spektrum. Um die eigene Kamera zu testen kann man eine Fernbedienung vor das Objektiv halten und dabei m\u00f6glichst viele Tasten dr\u00fccken. Leuchtet die Infrarot- Diode im Bild sichtbar auf? Falls ja ist es m\u00f6glich diese Kamera mit einem Infrarot- Schraubfilter vor dem Objektiv zu benutzen.<\/p>\n\n\n\n<div class=\"wp-block-media-text alignwide has-media-on-the-right is-stacked-on-mobile\"><figure class=\"wp-block-media-text__media\"><a href=\"http:\/\/irrecams.de\/staging\/wp-content\/uploads\/2015\/01\/ffilter.jpg\"><img decoding=\"async\" loading=\"lazy\" width=\"250\" height=\"153\" src=\"http:\/\/irrecams.de\/staging\/wp-content\/uploads\/2015\/01\/ffilter.jpg\" alt=\"\" class=\"wp-image-204 size-full\"\/><\/a><\/figure><div class=\"wp-block-media-text__content\">\n<p>Der zus\u00e4tzliche Filter sperrt das sichtbare Licht, und l\u00e4sst nur Licht oberhalb einer bestimmten Wellenl\u00e4nge (typisch sind 720 nm) passieren.<\/p>\n<\/div><\/div>\n\n\n\n<p>Leider ist da aber noch der Hotmirror- Filter, der sperrt eirfrt einen Gro\u00dfteil des IR- Lichtes. Daraus folgt, dass wir an einem sonnigen Tag im Freien sehr lange belichten m\u00fcssen (im Sekunden- Bereich) und zwingend ein Stativ ben\u00f6tigen. Es zus\u00e4tzlich wichtig zu wissen, dass es im Infrarotbereich zu einer Fokusverschiebung kommt. N\u00e4heres siehe Abschnitt &#8222;<a href=\"http:\/\/irrecams.de\/staging\/infrarot\/bildfehler\/\">Objektive und Bildfehler<\/a>&#8222;. Da sich der IR- Filter vor dem Objektiv befindet, und wir durch diesen nicht hindurch sehen k\u00f6nnen, ist es ohne mehrere Testaufnahmen unm\u00f6glich die Bildkomposition einzustellen oder den Fokus korrekt zu setzen. Auch mit LiveView ist dies meist ein Problem, weil nur sehr wenig Licht auf den Sensor trifft.<\/p>\n\n\n\n<h2 class=\"wp-block-heading\">Vollspektrum Infrarot Umbau<\/h2>\n\n\n\n<p>Also, warum den Hotmirror- Filter nicht einfach raus schmei\u00dfen? Dieser sperrt bei modernen Kameramodelle nahezu 100 % des IR Lichtes, weshalb die Infrarotfotografie mit Schraubfilter keine wirkliche Option ist. Zwar ist es keine gute Idee den Filter einfach nur auszubauen, weil sich dann die Fokuslage komplett verschiebt, aber man kann den Filter austauschen. <\/p>\n\n\n\n<div class=\"wp-block-media-text alignwide has-media-on-the-right is-stacked-on-mobile is-vertically-aligned-top\"><figure class=\"wp-block-media-text__media\"><a href=\"http:\/\/irrecams.de\/staging\/wp-content\/uploads\/2015\/01\/fundefiniert.jpg\"><img decoding=\"async\" loading=\"lazy\" width=\"250\" height=\"153\" src=\"http:\/\/irrecams.de\/staging\/wp-content\/uploads\/2015\/01\/fundefiniert.jpg\" alt=\"\" class=\"wp-image-207 size-full\"\/><\/a><\/figure><div class=\"wp-block-media-text__content\">\n<p><\/p>\n\n\n\n<p>Mit einem &#8222;Klarglas&#8220;, das sowohl UV, VIS und IR passieren l\u00e4sst, spricht man von einem Vollspektrum Umbau. Um im IR zu fotografieren braucht man noch zus\u00e4tzliche Schraubfilter.<\/p>\n<\/div><\/div>\n\n\n\n<p>Eine auf Vollspektrum umgebaute Kamera hat den Vorteil, dass sie sehr flexibel einsetzbar ist weil sich vor dem Objektiv die verschiedensten <a href=\"http:\/\/irrecams.de\/staging\/infrarot-effekt-filter-im-vergleich\/\">Infrarot Filter<\/a> aufschrauben lassen. Mit einem solchen Infrarot Umbau (auch undefinierter Umbau genannt) kann man wahlweise im UV, VIS oder IR Bereich fotografieren. Mit dem <a href=\"http:\/\/irrecams.de\/staging\/shop\/normal-filter-uv-ir-sperrfilter\/\">richtigen Filter<\/a> kann man sogar wieder ganz normale Aufnahmen im sichbtaren Bereich machen, als h\u00e4tte es gar keinen Infrarot Umbau gegeben. Dabei erh\u00e4lt man sowohl mit IR Filtern als auch mit Hotmirror-Schraubfiltern gewohnt kurze Belichtungszeiten.<\/p>\n\n\n\n<p>Mit einer Spiegelreflex Kamera ist man leider gezwungen \u00fcber die LiveView Funktion das Bild zu komponieren und den Fokus einzustellen. Ein Vollspektrum Umbau ist insbesondere f\u00fcr spiegellose Systemkameras zu empfehlen. Anders als bei einer DSLR kann der Sucher wie gewohnt benutzt werden und auch Autofokus und Belichtungsmessung funktionieren uneingeschr\u00e4nkt.<\/p>\n\n\n\n<h2 class=\"wp-block-heading\">Dedizierter Infrarot Umbau<\/h2>\n\n\n\n<p>F\u00fcr ambitionierte Infrarotfotografen, die genau wissen was sie m\u00f6chten, ist die erste Wahl eine komplett umgebaute Infrarotkamera. Den IR Filter direkt in der Kamera zu installieren hat Vorteile insbesondere bei digitalen Spiegelreflexkameras. Die Bildkomposition im hellen Sucher ist m\u00f6glich, auch wenn nat\u00fcrlich noch nichts nach Infrarot aussieht. Der Autofokus wird beim einem professionellen Infrarot Umbau korrigiert und kann somit &#8222;ganz normal&#8220; benutzt werden. Die Belichtungsmessung funktioniert nach dem Umbau ebenso wie vorher, nur muss  je nach Aufnahmesituation eine Belichtungskorrektur erfolgen.<\/p>\n\n\n\n<div class=\"wp-block-media-text alignwide has-media-on-the-right is-stacked-on-mobile\"><figure class=\"wp-block-media-text__media\"><a href=\"http:\/\/irrecams.de\/staging\/wp-content\/uploads\/2015\/01\/fumbau.jpg\"><img decoding=\"async\" loading=\"lazy\" width=\"250\" height=\"153\" src=\"http:\/\/irrecams.de\/staging\/wp-content\/uploads\/2015\/01\/fumbau.jpg\" alt=\"\" class=\"wp-image-206 size-full\"\/><\/a><\/figure><div class=\"wp-block-media-text__content\">\n<p>Der Hotmirror- Filter wird hierbei durch einen entsprechenden Infrarotfilter ersetzt, so dass nur noch Infrarotlicht auf den Sensor trifft. Ein externer Schraubfilter ist \u00fcberfl\u00fcssig.<\/p>\n<\/div><\/div>\n\n\n\n<p>Die Kamera fotografiert nach einem Infrarot Umbau ausschlie\u00dflich im IR Bereich. Damit sind gewohnt kurze Belichtungszeiten m\u00f6glich, selbstverst\u00e4ndlich auch aus der Hand. Man kann mit einer solchen Kamera aber keine &#8222;normalen&#8220; Aufnahmen im sichtbaren Bereich machen. Dennoch lassen sich je nach eingebautem Filter ggf. noch andere Schraubfilter kombinieren. Eine \u00dcbersicht der kompatiblen Filter findet sich zu jedem Schraubfilter im <a href=\"http:\/\/irrecams.de\/staging\/produkt-kategorie\/filter\/\">Shop<\/a>.<\/p>\n\n\n\n<h2 class=\"wp-block-heading\">Der Einsatz f\u00fcr die digitale Infrarot Fotografie<\/h2>\n\n\n\n<p>Der Ausbau und Austausch des Sperrfilters ist ein technisch aufw\u00e4ndiger Akt, professionell ausgef\u00fchrt ist das eine Investition die nicht zu \u00fcbersehen ist. Au\u00dferdem muss hierf\u00fcr eine Kamera &#8222;geopfert&#8220; werden, die man f\u00fcr nichts anderes mehr benutzen kann als f\u00fcr die Infrarot Fotografie. Ohne das kleinreden zu wollen, das ist es auch. Nur gibt es leider keine praktikablen Alternativen dazu den Sperrfilter auszutauschen wenn man wirklich hochqualitative Ergebnisse erzielen m\u00f6chte.<\/p>\n\n\n\n<p>Kamerahersteller bringen in immer k\u00fcrzeren Abst\u00e4nden neue Technik auf den Markt. Viele von uns haben noch ein \u00e4lteres Modell zuhause das wenig benutzt wird, obwohl es immer noch gro\u00dfartige Bilder liefert. Aber ein Verkauf der alten Kameras lohnt sich kaum noch. Mit einem IR Umbau wird dieser Kamera ein zweites Leben geschenkt. Und Hand aufs Herz: wieviel Geld haben Sie in Ihre Objektive investiert? Eine Infrarot- Kamera bietet viel mehr kreative M\u00f6glichkeiten als &#8222;nur&#8220; ein einzelnes Objektiv, und das f\u00fcr alle bestehenden Objektive.<\/p>\n\n\n\n<figure class=\"wp-block-image size-large\"><a href=\"http:\/\/irrecams.de\/staging\/wp-content\/uploads\/2021\/01\/DSCF9078.jpg\"><img decoding=\"async\" loading=\"lazy\" width=\"1024\" height=\"683\" src=\"http:\/\/irrecams.de\/staging\/wp-content\/uploads\/2021\/01\/DSCF9078-1024x683.jpg\" alt=\"630 nm\" class=\"wp-image-5907\" srcset=\"https:\/\/irrecams.de\/staging\/wp-content\/uploads\/2021\/01\/DSCF9078-1024x683.jpg 1024w, https:\/\/irrecams.de\/staging\/wp-content\/uploads\/2021\/01\/DSCF9078-300x200.jpg 300w, https:\/\/irrecams.de\/staging\/wp-content\/uploads\/2021\/01\/DSCF9078-768x513.jpg 768w, https:\/\/irrecams.de\/staging\/wp-content\/uploads\/2021\/01\/DSCF9078-350x234.jpg 350w, https:\/\/irrecams.de\/staging\/wp-content\/uploads\/2021\/01\/DSCF9078.jpg 1500w\" sizes=\"(max-width: 767px) 89vw, (max-width: 1000px) 54vw, (max-width: 1071px) 543px, 580px\" \/><\/a><\/figure>\n","protected":false},"excerpt":{"rendered":"<p>Eine normale Digitalkamera f\u00fcr die Infrarot Fotografie zu benutzen ist zwar theoretisch m\u00f6glich, aber eigentlich nicht zu empfehlen. Erst ein Infrarot Umbau er\u00f6ffnet alle M\u00f6glichkeiten und l\u00e4sst hochqualitative Bilder m\u00f6glich werden. Doch warum funktioniert die Infrarot Fotografie nicht mit normalen Kameras und welche verschiedenen M\u00f6glichkeiten gibt es f\u00fcr Spiegelreflex- und Spiegellose Digitalkameras? Funktion digitaler Kameras &hellip; <\/p>\n<p class=\"link-more\"><a href=\"https:\/\/irrecams.de\/staging\/infrarot-umbau-technik-erklart\/\" class=\"more-link\"><span class=\"screen-reader-text\">\u201eInfrarot Umbau &#8211; Technik erkl\u00e4rt\u201c<\/span> weiterlesen<\/a><\/p>\n","protected":false},"author":1,"featured_media":0,"parent":0,"menu_order":2,"comment_status":"closed","ping_status":"closed","template":"","meta":[],"_links":{"self":[{"href":"https:\/\/irrecams.de\/staging\/wp-json\/wp\/v2\/pages\/32"}],"collection":[{"href":"https:\/\/irrecams.de\/staging\/wp-json\/wp\/v2\/pages"}],"about":[{"href":"https:\/\/irrecams.de\/staging\/wp-json\/wp\/v2\/types\/page"}],"author":[{"embeddable":true,"href":"https:\/\/irrecams.de\/staging\/wp-json\/wp\/v2\/users\/1"}],"replies":[{"embeddable":true,"href":"https:\/\/irrecams.de\/staging\/wp-json\/wp\/v2\/comments?post=32"}],"version-history":[{"count":2,"href":"https:\/\/irrecams.de\/staging\/wp-json\/wp\/v2\/pages\/32\/revisions"}],"predecessor-version":[{"id":6251,"href":"https:\/\/irrecams.de\/staging\/wp-json\/wp\/v2\/pages\/32\/revisions\/6251"}],"wp:attachment":[{"href":"https:\/\/irrecams.de\/staging\/wp-json\/wp\/v2\/media?parent=32"}],"curies":[{"name":"wp","href":"https:\/\/api.w.org\/{rel}","templated":true}]}}