{"id":38,"date":"2015-01-06T11:51:40","date_gmt":"2015-01-06T10:51:40","guid":{"rendered":"http:\/\/wp10590344.server-he.de\/irrecams2\/?page_id=38"},"modified":"2021-01-20T18:23:21","modified_gmt":"2021-01-20T17:23:21","slug":"infrarot-nachbearbeitung","status":"publish","type":"page","link":"https:\/\/irrecams.de\/staging\/infrarot-nachbearbeitung\/","title":{"rendered":"Infrarot Nachbearbeitung"},"content":{"rendered":"\n<p>F\u00fcr Einsteiger sind die Bearbeitungsschritte in der digitalen  Infrarot Fotografie zun\u00e4chst ungewohnt und fremd. Ohne einen Leitfaden ist es sehr schwer zum gew\u00fcnschten Ergebnis zu kommen. Dennoch ist die Infrarot Nachbearbeitung kein Hexenwerk und wenn man sich die Schritte St\u00fcck f\u00fcr St\u00fcck verinnerlicht hat schnell und einfach durchzuf\u00fchren.<\/p>\n\n\n\n<h2 class=\"wp-block-heading\">Ganz ohne Infrarot Nachbearbeitung?<\/h2>\n\n\n\n<p>Bevor wir nun ganz tief einsteigen in den Kanaltausch, Wei\u00dfabgleich und Kontrastanpassungen muss etwas vorweg gesagt werden: Infrarot Fotografie bedeutet vor allem dann intensive Bearbeitung wenn am Ende ein Farb-Infrarot oder ColorKey heraus kommen soll. F\u00fcr die reine Schwarz-Wei\u00df Infrarot Bearbeitung ist nur ein Minimum bis gar keine Bearbeitung n\u00f6tig, wenn man das nicht m\u00f6chte. Wer in der Kamera einen ungef\u00e4hren Wei\u00dfabgleich setzt und das Bildprofil auf Monochrom umstellt, kann direkt mit den JPEG Dateien direkt aus der Kamera gl\u00fccklich werden. Und daran soll auch nichts falsch sein, schlie\u00dflich geht es darum die Fotografie zu genie\u00dfen und jeder Fotograf hat andere Pr\u00e4ferenzen und andere Herangehensweisen.<\/p>\n\n\n\n<figure class=\"wp-block-image size-large\"><a href=\"http:\/\/irrecams.de\/staging\/wp-content\/uploads\/2021\/01\/DSCF9162.jpg\"><img decoding=\"async\" loading=\"lazy\" width=\"1024\" height=\"684\" src=\"http:\/\/irrecams.de\/staging\/wp-content\/uploads\/2021\/01\/DSCF9162-1024x684.jpg\" alt=\"630 nm\" class=\"wp-image-5915\" srcset=\"https:\/\/irrecams.de\/staging\/wp-content\/uploads\/2021\/01\/DSCF9162-1024x684.jpg 1024w, https:\/\/irrecams.de\/staging\/wp-content\/uploads\/2021\/01\/DSCF9162-300x200.jpg 300w, https:\/\/irrecams.de\/staging\/wp-content\/uploads\/2021\/01\/DSCF9162-768x513.jpg 768w, https:\/\/irrecams.de\/staging\/wp-content\/uploads\/2021\/01\/DSCF9162-350x234.jpg 350w, https:\/\/irrecams.de\/staging\/wp-content\/uploads\/2021\/01\/DSCF9162.jpg 1500w\" sizes=\"(max-width: 767px) 89vw, (max-width: 1000px) 54vw, (max-width: 1071px) 543px, 580px\" \/><\/a><\/figure>\n\n\n\n<p>F\u00fcr all diejenigen, die gerne tiefer in die (Farb-) IR Fotografie einsteigen m\u00f6chten, empfehle ich weiterzulesen.<\/p>\n\n\n\n<h2 class=\"wp-block-heading\">Wei\u00dfabgleich in der Infrarot Fotografie<\/h2>\n\n\n\n<p>Auch wenn man rein technisch mit den JPEG Dateien aus einer umgebauten Kamera weiter arbeiten k\u00f6nnte ist vor allem f\u00fcr Farb-Infrarot Aufnahmen davon abzuraten. Ich empfehle immer im RAW- Dateiformat zu fotografieren um am Computer Belichtung und vor allem den Wei\u00dfabgleich feintrimmen zu k\u00f6nnen. Ein digitales Infrarot Bild ben\u00f6tigt einen ziemlich krassen Wei\u00dfabgleich bei dem der Rot-Kanal abgeschw\u00e4cht wird und sowohl Blau als auch Gr\u00fcn Kan\u00e4le sehr intensiv verst\u00e4rkt werden m\u00fcssen. Aus einer RAW Datei ist das oft problemlos m\u00f6glich, nicht aber aus einer 8-Bit JPEG Datei. Auch wenn der Wei\u00dfabgleich bereits in der Kamera korrekt gesetzt worden ist kann es zu Tonwertabrissen kommen.<\/p>\n\n\n\n<p>Oft liest man, dass der Wei\u00dfabgleich auf ein St\u00fcck Rasen oder einen Baum eingemessen werden soll. Das ist insbesondere f\u00fcr st\u00e4rkere Infrarotfilter (700 nm oder 830 nm) eine praktikable L\u00f6sung. Um den Wei\u00dfabgleich aber wirklich neutral zu setzen, was bei Infrarot Filtern mit einer h\u00f6heren Ausgangsfarbs\u00e4ttigung umso schneller auff\u00e4llt, empfiehlt es sich einen sp\u00e4ter neutralen Bildbestandteil zu benutzen. Im einfachsten Fall ist das eine Wolke, die sollen schliesslich im sp\u00e4teren Bild auch noch wei\u00df sein. Aber auch eine wei\u00dfe H\u00e4userwand eignet sich, oder ein graues Beton-Pflaster. <\/p>\n\n\n\n<figure class=\"wp-block-image size-large\"><a href=\"http:\/\/irrecams.de\/staging\/wp-content\/uploads\/2020\/07\/Motiv1_Layout-scaled.jpg\"><img decoding=\"async\" loading=\"lazy\" width=\"1024\" height=\"965\" src=\"http:\/\/irrecams.de\/staging\/wp-content\/uploads\/2020\/07\/Motiv1_Layout-1024x965.jpg\" alt=\"Infrarot Effekt Filter im Vergleich - Motiv 1\" class=\"wp-image-5159\" srcset=\"https:\/\/irrecams.de\/staging\/wp-content\/uploads\/2020\/07\/Motiv1_Layout-1024x965.jpg 1024w, https:\/\/irrecams.de\/staging\/wp-content\/uploads\/2020\/07\/Motiv1_Layout-300x283.jpg 300w, https:\/\/irrecams.de\/staging\/wp-content\/uploads\/2020\/07\/Motiv1_Layout-768x724.jpg 768w, https:\/\/irrecams.de\/staging\/wp-content\/uploads\/2020\/07\/Motiv1_Layout-1536x1447.jpg 1536w, https:\/\/irrecams.de\/staging\/wp-content\/uploads\/2020\/07\/Motiv1_Layout-2048x1930.jpg 2048w, https:\/\/irrecams.de\/staging\/wp-content\/uploads\/2020\/07\/Motiv1_Layout-350x330.jpg 350w\" sizes=\"(max-width: 767px) 89vw, (max-width: 1000px) 54vw, (max-width: 1071px) 543px, 580px\" \/><\/a><figcaption>Ein \u00dcberblick \u00fcber diverse Bearbeitungsstadien und den Einfluss von Wei\u00dfabgleich und Kanaltausch.<\/figcaption><\/figure>\n\n\n\n<h2 class=\"wp-block-heading\">Kanaltausch mit dem Kanalmixer<\/h2>\n\n\n\n<p>Ist der Wei\u00dfabgleich des Bildes erst einmal richtig eingestellt f\u00e4llt auf, dass der Himmel br\u00e4unlich und das Laub bl\u00e4ulich erscheint (je nach Filter). Das kann auf jeden Fall gewollt sein und gute Ergebnisse liefern, dennoch sind die Meisten Infrarot Fotografen bestrebt das zu vertauschen. Um einen blauen Himmel und gelbes Laub zu erhalten ist ein Vertauschen des Rot- und Blau Kanales n\u00f6tig.  Solch ein Kanaltausch ist mit jeder Software m\u00f6glich die einen Kanalmixer integriert hat, ein ziemlich weit verbreitetes Werkzeug. Folgende Einstellungen sind vorzunehmen:<\/p>\n\n\n\n<div class=\"wp-block-media-text alignwide has-media-on-the-right is-stacked-on-mobile\"><figure class=\"wp-block-media-text__media\"><img decoding=\"async\" loading=\"lazy\" width=\"364\" height=\"236\" src=\"http:\/\/irrecams.de\/staging\/wp-content\/uploads\/2015\/01\/kanal.jpg\" alt=\"\" class=\"wp-image-437 size-full\" srcset=\"https:\/\/irrecams.de\/staging\/wp-content\/uploads\/2015\/01\/kanal.jpg 364w, https:\/\/irrecams.de\/staging\/wp-content\/uploads\/2015\/01\/kanal-350x227.jpg 350w, https:\/\/irrecams.de\/staging\/wp-content\/uploads\/2015\/01\/kanal-300x195.jpg 300w\" sizes=\"(max-width: 364px) 100vw, 364px\" \/><\/figure><div class=\"wp-block-media-text__content\">\n<ol><li>Rot Kanal ausw\u00e4hlen<\/li><li>Die Rot- Anteile auf 0 setzen und die Blau- Anteile auf 100<\/li><li>Blau Kanal ausw\u00e4hlen<\/li><li>Die Rot- Anteile auf 100 und die Blau- Anteile auf 0 setzen<\/li><\/ol>\n<\/div><\/div>\n\n\n\n<h2 class=\"wp-block-heading\">Kontrast und Dynamik<\/h2>\n\n\n\n<p>Oft reizt eine Infrarotaufnahme den Dynamikbereich des Sensors nicht vollst\u00e4ndig aus, es ist sogar technisch n\u00f6tig die Belichtung des Histogramms nicht bis an den rechten Rand heran zu bringen.  Oft m\u00fcssen also Belichtung und Kontrast angehoben werden bis das pflanzliche gerade so wei\u00df ist, aber noch nicht gro\u00dffl\u00e4chig \u00fcberstrahlt. Das ist eine Gratwanderung bei der es sich empfiehlt das Histogramm ganz genau im Blick zu haben. Wenn man mit einer RAW Datei arbeitet ist das Leben hier wesentlich einfacher.<\/p>\n\n\n\n<h2 class=\"wp-block-heading\">Weiterf\u00fchrende Schwarz-Wei\u00df Infrarot Bearbeitung<\/h2>\n\n\n\n<p>Der Wei\u00dfabgleich kann gr\u00f6\u00dftenteils ignoriert werden, wenn man auf eine monochrome Aufnahmen aus ist. Dennoch ist ein ungef\u00e4hr korrekter Wei\u00dfabgleich n\u00f6tig um kontrastreiche und gut durchgezeichnete Schwarz-Wei\u00df Bilder zu erhalten. Zur SW- Konvertierung gen\u00fcgt es meist, die S\u00e4ttigung mit einem beliebigen Werkzeug auf 0 zu setzen.<\/p>\n\n\n\n<p>Fortgeschrittene Benutzer k\u00f6nnen die SW- Konvertierung aber auch mit dem Kanalmixer durchf\u00fchren. Wenn der Wei\u00dfabgleich korrekt eingestellt ist hat man damit mehr Kontrolle \u00fcber die Helligkeit von Himmel und Vegetation. Nach meinen Erfahrungen ist es jedoch ausreichend eine einfache Ents\u00e4ttigung vorzunehmen, die Unterschiede sind marginal. \u00dcbrigens kann eine anschlie\u00dfende Farbtonung (z.B. Sepia) dem Bild noch das i- T\u00fcpfelchen geben.<\/p>\n\n\n\n<h2 class=\"wp-block-heading\">ColorKey Nachbearbeitung im IR<\/h2>\n\n\n\n<p>Schlie\u00dflich ist auch noch ein Color-Key beliebt, also eine Kombinaiton aus Farbe und Schwarz- Wei\u00df. Bei einigen Bildbearbeitungsprogrammen ist bereits eine Funktion eingebaut, die mit einem Klick ein mehr oder weniger gutes Ergebnis liefert. Alternativ, und um mehr Kontrolle zu behalten, wird in der Bildbearbeitung einfach die Ebene kopiert und nur die oberste ents\u00e4ttigt (oder anders herum, nach Geschmack). Nun wird die oberste Ebene mit einer Ebenenmaske versehen und alle Bereiche die farbig sein sollten mit Schwarz &#8222;ausgemalt&#8220;, also transparent gemacht. In diesen Bereichen ist nun die farbige Version aus der unteren Ebene sichtbar. Noch einfacher geht es mit dem Programm darktable und seinen umfangreichen Maskenfunktionen (siehe weiter unten).<\/p>\n\n\n\n<figure class=\"wp-block-image size-large\"><a href=\"http:\/\/irrecams.de\/staging\/wp-content\/uploads\/2021\/01\/IR201741.jpg\"><img decoding=\"async\" loading=\"lazy\" width=\"1024\" height=\"683\" src=\"http:\/\/irrecams.de\/staging\/wp-content\/uploads\/2021\/01\/IR201741-1024x683.jpg\" alt=\"630 nm\" class=\"wp-image-5973\" srcset=\"https:\/\/irrecams.de\/staging\/wp-content\/uploads\/2021\/01\/IR201741-1024x683.jpg 1024w, https:\/\/irrecams.de\/staging\/wp-content\/uploads\/2021\/01\/IR201741-300x200.jpg 300w, https:\/\/irrecams.de\/staging\/wp-content\/uploads\/2021\/01\/IR201741-768x512.jpg 768w, https:\/\/irrecams.de\/staging\/wp-content\/uploads\/2021\/01\/IR201741-350x233.jpg 350w, https:\/\/irrecams.de\/staging\/wp-content\/uploads\/2021\/01\/IR201741.jpg 1500w\" sizes=\"(max-width: 767px) 89vw, (max-width: 1000px) 54vw, (max-width: 1071px) 543px, 580px\" \/><\/a><\/figure>\n\n\n\n<h2 class=\"wp-block-heading\">darktable f\u00fcr die Infrarot Nachbearbeitung<\/h2>\n\n\n\n<p>Mein Tipp f\u00fcr die Infrarot Nachbearbeitung ist das Open Source Programm darktable. Dieses freie Programm zur Entwicklung, Bearbeitung und Sortierung von RAW Dateien ist f\u00fcr alle Plattformen Verf\u00fcgbar und bietet mehr als alle n\u00f6tigen Werkzeuge f\u00fcr die Infrarot Nachbearbeitung. Man kann sehr tief in darktable eintauchen weil es einen gro\u00dfen Funktionsumfang besitzt. Nat\u00fcrlich ist es n\u00f6tig sich die Zeit zur Einarbeitung zu nehmen, aber es lohnt sich. <\/p>\n\n\n\n<p>darktable ist nicht nur f\u00fcr die IR Fotografie bestens geeignet, auch f\u00fcr die &#8222;normale&#8220; Fotografie sind  alle n\u00f6tigen Werkzeuge verf\u00fcgbar. Es m\u00fcssen keine weiteren Programme benutzt werden, ein Zwischenspeichern um das Bild mit einem anderen Programm weiter zu bearbeiten ist nicht n\u00f6tig. Eine gro\u00dfe St\u00e4rke von darktable ist der Funktionsumfang kombiniert mit verschiedenen gezeichneten und parametrischen Masken (auch als Luminanz und Chrominanz Masken bekannt) die eine sehr kontrollierte Bearbeitung von Bildbereichen zulassen.<\/p>\n\n\n\n<p>Ich habe zu darktable bereits viele Bearbeitugnsvideos angefertigt und bin immer auf der Suche nach neuen &#8222;Bildspenden&#8220; f\u00fcr weitere Episoden. Die Videos sind alle im <a href=\"http:\/\/irrecams.de\/staging\/blog\/videos\/\" class=\"rank-math-link\">blog von IRreCams<\/a> zu finden.<\/p>\n\n\n\n<figure class=\"wp-block-image size-large\"><a href=\"http:\/\/irrecams.de\/staging\/wp-content\/uploads\/2021\/01\/IMGP9798_01.jpg\"><img decoding=\"async\" loading=\"lazy\" width=\"1024\" height=\"342\" src=\"http:\/\/irrecams.de\/staging\/wp-content\/uploads\/2021\/01\/IMGP9798_01-1024x342.jpg\" alt=\"700 nm\" class=\"wp-image-5851\" srcset=\"https:\/\/irrecams.de\/staging\/wp-content\/uploads\/2021\/01\/IMGP9798_01-1024x342.jpg 1024w, https:\/\/irrecams.de\/staging\/wp-content\/uploads\/2021\/01\/IMGP9798_01-300x100.jpg 300w, https:\/\/irrecams.de\/staging\/wp-content\/uploads\/2021\/01\/IMGP9798_01-768x256.jpg 768w, https:\/\/irrecams.de\/staging\/wp-content\/uploads\/2021\/01\/IMGP9798_01-1536x512.jpg 1536w, https:\/\/irrecams.de\/staging\/wp-content\/uploads\/2021\/01\/IMGP9798_01-350x117.jpg 350w, https:\/\/irrecams.de\/staging\/wp-content\/uploads\/2021\/01\/IMGP9798_01.jpg 2000w\" sizes=\"(max-width: 767px) 89vw, (max-width: 1000px) 54vw, (max-width: 1071px) 543px, 580px\" \/><\/a><\/figure>\n","protected":false},"excerpt":{"rendered":"<p>F\u00fcr Einsteiger sind die Bearbeitungsschritte in der digitalen Infrarot Fotografie zun\u00e4chst ungewohnt und fremd. Ohne einen Leitfaden ist es sehr schwer zum gew\u00fcnschten Ergebnis zu kommen. Dennoch ist die Infrarot Nachbearbeitung kein Hexenwerk und wenn man sich die Schritte St\u00fcck f\u00fcr St\u00fcck verinnerlicht hat schnell und einfach durchzuf\u00fchren. Ganz ohne Infrarot Nachbearbeitung? Bevor wir nun &hellip; <\/p>\n<p class=\"link-more\"><a href=\"https:\/\/irrecams.de\/staging\/infrarot-nachbearbeitung\/\" class=\"more-link\"><span class=\"screen-reader-text\">\u201eInfrarot Nachbearbeitung\u201c<\/span> weiterlesen<\/a><\/p>\n","protected":false},"author":1,"featured_media":0,"parent":0,"menu_order":5,"comment_status":"closed","ping_status":"closed","template":"","meta":[],"_links":{"self":[{"href":"https:\/\/irrecams.de\/staging\/wp-json\/wp\/v2\/pages\/38"}],"collection":[{"href":"https:\/\/irrecams.de\/staging\/wp-json\/wp\/v2\/pages"}],"about":[{"href":"https:\/\/irrecams.de\/staging\/wp-json\/wp\/v2\/types\/page"}],"author":[{"embeddable":true,"href":"https:\/\/irrecams.de\/staging\/wp-json\/wp\/v2\/users\/1"}],"replies":[{"embeddable":true,"href":"https:\/\/irrecams.de\/staging\/wp-json\/wp\/v2\/comments?post=38"}],"version-history":[{"count":2,"href":"https:\/\/irrecams.de\/staging\/wp-json\/wp\/v2\/pages\/38\/revisions"}],"predecessor-version":[{"id":6318,"href":"https:\/\/irrecams.de\/staging\/wp-json\/wp\/v2\/pages\/38\/revisions\/6318"}],"wp:attachment":[{"href":"https:\/\/irrecams.de\/staging\/wp-json\/wp\/v2\/media?parent=38"}],"curies":[{"name":"wp","href":"https:\/\/api.w.org\/{rel}","templated":true}]}}