{"id":44,"date":"2015-01-06T12:03:09","date_gmt":"2015-01-06T12:03:09","guid":{"rendered":"http:\/\/wp10590344.server-he.de\/irrecams2\/?page_id=44"},"modified":"2022-10-13T06:55:09","modified_gmt":"2022-10-13T04:55:09","slug":"ablauf","status":"publish","type":"page","link":"https:\/\/irrecams.de\/staging\/infrarot-umbauservice\/ablauf\/","title":{"rendered":"Ablauf des Infrarot Umbau Service"},"content":{"rendered":"\n<p>Sie m\u00f6chten einen konkretes Kameramodell kaufen? Oder Sie haben bereits eine eigene Kamera und m\u00f6chten diese f\u00fcr Infrarot Fotografie umbauen lassen? Sehr gerne nehme ich den Umbau f\u00fcr Sie vor und k\u00fcmmere mich ggf. auch um Ihr Wunschmodell. Bitte schauen Sie zuvor kurz in den Bereich <a href=\"http:\/\/irrecams.de\/staging\/infrarot-umbauservice\/kamera-und-preisliste\/\" class=\"rank-math-link\">Kameramodelle<\/a>. Sollte Ihre Kamera dort nicht aufgef\u00fchrt sein hei\u00dft das nicht, dass sie f\u00fcr einen Umbau ungeeignet ist. Prinzipiell l\u00e4sst sich jede Kamera f\u00fcr die Infrarotfotografie umbauen.<\/p>\n\n\n\n<h2 class=\"wp-block-heading\">Infrarot Kamera Umbau<\/h2>\n\n\n\n<p>Der Hotmirror Filter vor dem Kamerasensor wird durch einen Infrarotfilter ausgetauscht. Zus\u00e4tzlich wird der Autofokus der Kamera f\u00fcr den Infrarotbereich kalibiriert. Sie erhalten also eine native Infrarotkamera die Sie ganz normal benutzen k\u00f6nnen, auch ohne Stativ.<br>Bitte lesen Sie f\u00fcr n\u00e4here Informationen im Bereich Infrarot den Abschnitt <a href=\"http:\/\/irrecams.de\/staging\/infrarot-umbau-technik-erklart\/\" class=\"rank-math-link\">Technik<\/a>.<\/p>\n\n\n\n<h2 class=\"wp-block-heading\">Infrarot Filter Wahl<\/h2>\n\n\n\n<p>Sie haben die Wahl zwischen vielen verschiedenen Filtern. 280 nm (Vollspektrum), 630 nm und 700 nm sind im Basispreis f\u00fcr den Umbau bereits inbegriffen. Andere Filteroptionen sind gegen Aufpreis m\u00f6glich. Informationen zu den Filtern finden Sie im Bereich Infrarot unter <a class=\"rank-math-link\" href=\"http:\/\/irrecams.de\/staging\/infrarot-effekt-filter-im-vergleich\/\">Infrarot Effekt Filter im Vergleich<\/a>. Dort finden Sie neben dem Vergleich zwischen den Filtern auch original RAW- Dateien zum Download. Bei Fragen oder Unsicherheiten schreiben Sie am besten gleich eine <a class=\"rank-math-link\" href=\"http:\/\/irrecams.de\/staging\/umbauservice\/anfrage\/\">kurze Nachricht<\/a>, ich bin Ihnen gerne behilflich die offenen Fragen zu kl\u00e4ren.<\/p>\n\n\n\n<h2 class=\"wp-block-heading\">Zufriedenheitsgarantie und Risiko<\/h2>\n\n\n\n<p>Nach meiner Erfahrung ist die Wahrscheinlichkeit, dass die Kamera beim Umbau besch\u00e4digt wird, sehr gering. Nat\u00fcrlich kann ich einen Defekt nie vollst\u00e4ndig ausschlie\u00dfen, deshalb trage ich auch das Risiko des Umbaus. Sollte ich tats\u00e4chlich etwas an Ihrer Kamera besch\u00e4digen, werde ich wahlweise den Zeitwert der Kamera ersetzen oder mich um ein gleichwertiges Austauschger\u00e4t k\u00fcmmern.<br><br>Bei einem Umbau Ihrer Kamera kann ich leider auch kein klassisches R\u00fcckgaberecht gew\u00e4hren, was bedeuten w\u00fcrde den Original Filter wieder zu installieren. Sollten Sie aber innerhalb von 14 Tagen unzufrieden sein, k\u00f6nnen Sie mir die Kamera wieder zur\u00fcck schicken und ich erstatte Ihnen den Rechnungsbetrag zuz\u00fcglich dem Zeitwert der Kamera oder stelle ein gleichwertiges Austauschger\u00e4t.<\/p>\n\n\n\n<p>Bitte bedenken Sie, dass beim Umbau eine ggf. vorhandene Herstellergarantie erlischt. Ich gew\u00e4hre jedoch 1 Jahr Gew\u00e4hrleistung auf die ordentliche Funktionst\u00fcchtigkeit der Kamera (sowohl beim Umbauservice als auch beim Kauf einer Infrarotkamera). Sollte also nach Ablauf der ersten 14 Tage wider erwartend etwas nicht mehr korrekt funktionieren, m\u00fcssen Sie sich auch darum keine Sorgen machen.<\/p>\n\n\n\n<p><a href=\"http:\/\/irrecams.de\/staging\/widerrufsbelehrung\/\">Lesen Sie hier die Widerrufsbelehrung<\/a><\/p>\n\n\n\n<h2 class=\"wp-block-heading\">Ablauf des Infrarot Umbaus<\/h2>\n\n\n\n<p>Wenn sich die Kamera auf der <a class=\"rank-math-link\" href=\"http:\/\/irrecams.de\/staging\/umbauservice\/kamera-und-preisliste\/\">Liste der offiziell unterst\u00fctzten Kameras<\/a> befindet k\u00f6nnen Sie direkt <a href=\"http:\/\/irrecams.de\/staging\/shop\/\">im Onlineshop<\/a> eine Bestellung ausl\u00f6sen. Sollte Ihre Kamera nicht aufgef\u00fchrt sein, oder Sie haben noch Fragen, k\u00f6nnen Sie mir auch gerne eine eMail an <a href=\"mailto:info@IRreCams.de\">info@IRreCams.de<\/a> mit Angabe des Kameramodells und des gew\u00fcnschten Filters schicken. Gerne k\u00f6nnen Sie hierf\u00fcr auch das <a href=\"http:\/\/irrecams.de\/staging\/umbauservice\/anfrage\/\" class=\"rank-math-link\">Anfrageformular<\/a> benutzen.<\/p>\n\n\n\n<p>Neben der Kamera bitte ich Sie einen voll geladenen Akku mit bei zu legen. Ein Objektiv und eine Speicherkarte habe ich in der Regel bereits hier. Ich empfehle Ihnen die Kamera versichert mit einem Logistikdienstleister Ihrer Wahl zu versenden.<\/p>\n\n\n\n<p>Nach Eingang der Kamera baue ich diese innerhalb von 14 Tagen f\u00fcr Sie um. Verk\u00fcrzte Bearbeitungszeiten von max. 7 oder max. 3 Tagen sind auf Wunsch und gegen Aufpreis m\u00f6glich. Als Bearbeitungszeit ist die Zeit zu verstehen, bis das Paket an DHL \u00fcbergeben wird. Auf die Lieferzeit, die DHL zur Zustellung ben\u00f6tigt, haben wir keinen Einfluss.<\/p>\n\n\n\n<p>Nach erfolgreichem Umbau bekommen Sie eine Rechnung, gleichzeitig wird die Kamera wieder zur\u00fcck geschickt. Sie haben eine 14-t\u00e4gige Zahlungsfrist um den den Rechnungsbetrag zu begleichen (wahlweise via Bank\u00fcberweisung oder PayPal). Es ist keine Vorkasse n\u00f6tig.<\/p>\n\n\n\n<h2 class=\"wp-block-heading\">Kosten des Infrarot Umbaus<\/h2>\n\n\n\n<p>F\u00fcr den Umbau einer digitalen Spiegelreflex Kamera berechne ich ab 260,- \u20ac* incl. 280, 630 oder 700 nm Filter, Justierung des Autofokus und R\u00fcckversand der Kamera innerhalb Deutschlands.<\/p>\n\n\n\n<p>Den Umbau einer digitalen spiegellosen Systemkamera biete ich ab 250,- \u20ac* zu den gleichen Konditionen an.<\/p>\n\n\n\n<p>Je nach Filterwunsch, Kameramodell und Bearbeitungszeit ergeben sich ggf. Mehrkosten. Diese werden Ihnen im Bestellprozess im Shop angezeigt. Eine Preis\u00fcbersicht f\u00fcr den Basispreis finden Sie auf der <a class=\"rank-math-link\" href=\"http:\/\/irrecams.de\/staging\/umbauservice\/kamera-und-preisliste\/\">\u00dcbersichtsseite<\/a>.<\/p>\n\n\n\n<p class=\"has-small-font-size\">*Die Preise verstehen sich incl. gesetzlicher Mehrwertsteuer. Ich behalte mir vor bei ausgew\u00e4hlten Modellen, welche besonders aufw\u00e4ndig umzubauen sind, einen abweichenden Preis zu veranschlagen (welchen ich vor dem Umbau mit Ihnen abspreche). Der Einbau anderer Filter ist gegen Aufpreis m\u00f6glich. \u00c4nderungen und Irrt\u00fcmer vorbehalten.<\/p>\n\n\n\n<h2 class=\"wp-block-heading\">Versand<\/h2>\n\n\n\n<p>Der Versand erfolgt ausschlie\u00dflich mit DHL als versicherter Paketversand. Sie k\u00f6nnen sich die Kamera wahlweise nach Hause liefern lassen oder aber eine Packstation als Lieferadresse angeben. Der Versand erfolgt in der Regel Montags bis Samstags. Der Versand innerhalb Deutschlands ist prinzipiell kostenlos f\u00fcr den Umbauservice. Alle Preise verstehen sich inklusive Versandkosten (falls nicht explizit ausgewiesen). Der Versand ins EU- Ausland ist ebenfalls m\u00f6glich, hier berechne ich eine Versandkostenpauschale i.H.v. 10,- \u20ac.  Ein Versand au\u00dferhalb der EU ist nicht m\u00f6glich.<\/p>\n\n\n\n<h2 class=\"wp-block-heading\">Zahlungsm\u00f6glichkeiten<\/h2>\n\n\n\n<p>Sie k\u00f6nnen den Rechnungsbetrag wahlweise via Bank\u00fcberweisung oder PayPal begleichen. Wenn Sie den Umbauservice nutzen k\u00f6nnen sie bequem auf Rechnung zahlen. Die Zahlungsfrist betr\u00e4gt 14 Tage. Wenn Sie eine fertig umgebaute Kamera aus meinem Lagerbestand kaufen erfolgt die Zahlung via Vorkasse. Details zu den Zahlungsm\u00f6glichkeiten (Bankverbindung, PayPal Konto) erhalten Sie immer zusammen mit Ihrer Rechnung.<\/p>\n","protected":false},"excerpt":{"rendered":"<p>Sie m\u00f6chten einen konkretes Kameramodell kaufen? Oder Sie haben bereits eine eigene Kamera und m\u00f6chten diese f\u00fcr Infrarot Fotografie umbauen lassen? Sehr gerne nehme ich den Umbau f\u00fcr Sie vor und k\u00fcmmere mich ggf. auch um Ihr Wunschmodell. Bitte schauen Sie zuvor kurz in den Bereich Kameramodelle. Sollte Ihre Kamera dort nicht aufgef\u00fchrt sein hei\u00dft &hellip; <\/p>\n<p class=\"link-more\"><a href=\"https:\/\/irrecams.de\/staging\/infrarot-umbauservice\/ablauf\/\" class=\"more-link\"><span class=\"screen-reader-text\">\u201eAblauf des Infrarot Umbau Service\u201c<\/span> weiterlesen<\/a><\/p>\n","protected":false},"author":1,"featured_media":0,"parent":40,"menu_order":0,"comment_status":"closed","ping_status":"open","template":"","meta":[],"_links":{"self":[{"href":"https:\/\/irrecams.de\/staging\/wp-json\/wp\/v2\/pages\/44"}],"collection":[{"href":"https:\/\/irrecams.de\/staging\/wp-json\/wp\/v2\/pages"}],"about":[{"href":"https:\/\/irrecams.de\/staging\/wp-json\/wp\/v2\/types\/page"}],"author":[{"embeddable":true,"href":"https:\/\/irrecams.de\/staging\/wp-json\/wp\/v2\/users\/1"}],"replies":[{"embeddable":true,"href":"https:\/\/irrecams.de\/staging\/wp-json\/wp\/v2\/comments?post=44"}],"version-history":[{"count":6,"href":"https:\/\/irrecams.de\/staging\/wp-json\/wp\/v2\/pages\/44\/revisions"}],"predecessor-version":[{"id":8911,"href":"https:\/\/irrecams.de\/staging\/wp-json\/wp\/v2\/pages\/44\/revisions\/8911"}],"up":[{"embeddable":true,"href":"https:\/\/irrecams.de\/staging\/wp-json\/wp\/v2\/pages\/40"}],"wp:attachment":[{"href":"https:\/\/irrecams.de\/staging\/wp-json\/wp\/v2\/media?parent=44"}],"curies":[{"name":"wp","href":"https:\/\/api.w.org\/{rel}","templated":true}]}}