{"id":48,"date":"2015-01-06T12:04:04","date_gmt":"2015-01-06T12:04:04","guid":{"rendered":"http:\/\/wp10590344.server-he.de\/irrecams2\/?page_id=48"},"modified":"2022-11-08T06:51:59","modified_gmt":"2022-11-08T05:51:59","slug":"faq","status":"publish","type":"page","link":"https:\/\/irrecams.de\/staging\/infrarot-umbauservice\/faq\/","title":{"rendered":"FAQ zum Infrarot Umbau Service"},"content":{"rendered":"\n<h4 class=\"wp-block-heading\">K\u00f6nnen Sie die Kamera XY auch mit dem Filter Z umbauen?<\/h4>\n\n\n\n<p>Ja sehr gerne. Schauen Sie auf die <a href=\"http:\/\/irrecams.de\/staging\/umbauservice\/kamera-und-preisliste\/\" class=\"rank-math-link\">Kameraliste<\/a> ob ich Ihre Kamera bereits umgebaut habe. Schreiben Sie mir einfach eine eMail an <a href=\"mailto:%69%6E%66%6F%40%69%72%72%65%63%61%6D%73%2E%64%65\">info@IRreCams.de<\/a> oder nutzen Sie das <a href=\"http:\/\/irrecams.de\/staging\/umbauservice\/anfrage\/\" class=\"rank-math-link\">Anfrageformular<\/a> um schnell ein Angebot von mir zu erhalten. Ich habe die Infrarot Filter in allen passenden Gr\u00f6\u00dfen auf Lager.<\/p>\n\n\n\n<h4 class=\"wp-block-heading\">Ich m\u00f6chte eine Vollspektrum Kamera, bieten Sie soetwas auch an?<\/h4>\n\n\n\n<p>Ja selbstverst\u00e4ndlich, f\u00fcr einen undefinierten Umbau ist der 280 nm Filter perfekt geeignet. Nach diesem Umbau k\u00f6nnen Sie verschiedene IR Vorschraubfilter verwenden, im UV fotografieren oder mit UV\/IR Sperrfilter die Kamera wieder &#8222;ganz normal&#8220; verwenden. eine erh\u00f6hte Empfindlichkeit ist auch f\u00fcr die Astrofotografie interessant. Ich empfehle diesen Umbau allerdings nur f\u00fcr spiegellose Systemkameras! Bei einer DSLR m\u00fcssen Sie permanent im LiveView Modus arbeiten.<\/p>\n\n\n\n<h4 class=\"wp-block-heading\">Haben Sie Erfahrungen mit Astromodifikationen?<\/h4>\n\n\n\n<p>Ich habe auch schon einige Kameras mit einem Astrofilter ausger\u00fcstet. Ich kann einen sogenannten Astrofilter in ausgew\u00e4hlte Kameras einsetzen. Dieser l\u00e4sst nur das sichtbare Licht passieren, wie auch der serienm\u00e4\u00dfig verbaute Filter, ist jedoch im nahen IR Bereich noch ein kleines bisschen l\u00e4nger offen. Dies erm\u00f6glicht es dem Sensor zus\u00e4tzlich den H-Alpha Spektralbereich zu sehen. In diesem Bereich wird sehr viel Licht von Sternen und einigen galaktischen Nebeln abgestrahlt. Schreiben Sie mich bei Interesse einfach an! <\/p>\n\n\n\n<h4 class=\"wp-block-heading\">Die Kamera XY steht nicht auf Ihrer Liste.<\/h4>\n\n\n\n<p>Kein Problem! Ich versuche immer gern neue Modelle umzubauen. Schreiben Sie mich einfach an und ich mache Ihnen schnell und einfach ein Angebot!<\/p>\n\n\n\n<h4 class=\"wp-block-heading\">Wie lange dauert der Umbau?<\/h4>\n\n\n\n<p>Ab Ankunft der Kamera brauche ich maximal 14 Tage bevor ich die Kamera wieder an Sie zur\u00fcck schicke. Verk\u00fcrzte Bearbeitungszeiten von max. 7 oder max. 3 Tagen sind auf Wunsch m\u00f6glich.<\/p>\n\n\n\n<h4 class=\"wp-block-heading\">Was soll ich alles mitschicken?<\/h4>\n\n\n\n<p>Ich brauche nur die Kamera und einen voll geladenen Akku. Alles weitere (Speicherkarten und passende Objektive) habe ich bereits hier. Bitte legen Sie nichts weiter bei, es besteht nur die Gefahr dass ich vergesse es wieder mit einzupacken. Schultergurte und Handschlaufen muss ich f\u00fcr den Umbau sowieso entfernen, sie k\u00f6nnen sie gerne schon abnehmen.<\/p>\n\n\n\n<h4 class=\"wp-block-heading\">Versenden Sie auch au\u00dferhalb Deutschlands?<\/h4>\n\n\n\n<p>Der Versand in alle EU- L\u00e4nder ist problemlos m\u00f6glich. Hier berechne ich zus\u00e4tzlich eine Versandkostenpauschale in H\u00f6he von 10,- \u20ac.<\/p>\n\n\n\n<h4 class=\"wp-block-heading\">Schicken sie mir bitte Ihre Bankverbindung damit ich schon bezahlen kann!<\/h4>\n\n\n\n<p>Sie zahlen bequem per Rechnung nachdem Sie Ihre Kamera wieder zur\u00fcck bekommen haben. Die Bankverbindung bzw. PayPal Adresse kommt mit der Rechnung.<\/p>\n\n\n\n<h4 class=\"wp-block-heading\">Kann ich mit einer Infrarotkamera nachts alles sehen?<\/h4>\n\n\n\n<p>Ja und nein. Nachts gibt es kein Licht, und zwar auch kein Infrarotlicht. Wer Nachts einfach mit der IR Kamera los zieht wird nicht viel zu sehen bekommen. Wie mit der visuellen Fotografie auch wird eine (IR-) Lichtquelle ben\u00f6tigen. Nur dann bekommt man nachts mit der Infrarotkamera auch etwas zu sehen.<\/p>\n\n\n\n<h4 class=\"wp-block-heading\">Kann ich mit einer Infrarotkamera W\u00e4rmebr\u00fccken in Geb\u00e4uden sehen?<\/h4>\n\n\n\n<p>Leider nein. Wenn hier von Infrarot gesprochen wird, ist die Rede vom nahen Infrarot Spektrum (700 &#8211; 1.200 nm). Diese Spektralbereiche empfinden wir noch nicht als W\u00e4rme. Echte W\u00e4rmestrahlung (mittleres IR) bewegt sich bei 3.000 bis 50.000 nm. Die normalen CCD und CMOS Sensoren von Fotokameras k\u00f6nnen dies Wellenl\u00e4ngen nicht mehr &#8222;sehen&#8220;. F\u00fcr solche Einsatzgebiete sind echte Spezialkameras n\u00f6tig.<\/p>\n","protected":false},"excerpt":{"rendered":"<p>K\u00f6nnen Sie die Kamera XY auch mit dem Filter Z umbauen? Ja sehr gerne. Schauen Sie auf die Kameraliste ob ich Ihre Kamera bereits umgebaut habe. Schreiben Sie mir einfach eine eMail an info@IRreCams.de oder nutzen Sie das Anfrageformular um schnell ein Angebot von mir zu erhalten. Ich habe die Infrarot Filter in allen passenden &hellip; <\/p>\n<p class=\"link-more\"><a href=\"https:\/\/irrecams.de\/staging\/infrarot-umbauservice\/faq\/\" class=\"more-link\"><span class=\"screen-reader-text\">\u201eFAQ zum Infrarot Umbau Service\u201c<\/span> weiterlesen<\/a><\/p>\n","protected":false},"author":1,"featured_media":0,"parent":40,"menu_order":0,"comment_status":"closed","ping_status":"open","template":"","meta":[],"_links":{"self":[{"href":"https:\/\/irrecams.de\/staging\/wp-json\/wp\/v2\/pages\/48"}],"collection":[{"href":"https:\/\/irrecams.de\/staging\/wp-json\/wp\/v2\/pages"}],"about":[{"href":"https:\/\/irrecams.de\/staging\/wp-json\/wp\/v2\/types\/page"}],"author":[{"embeddable":true,"href":"https:\/\/irrecams.de\/staging\/wp-json\/wp\/v2\/users\/1"}],"replies":[{"embeddable":true,"href":"https:\/\/irrecams.de\/staging\/wp-json\/wp\/v2\/comments?post=48"}],"version-history":[{"count":3,"href":"https:\/\/irrecams.de\/staging\/wp-json\/wp\/v2\/pages\/48\/revisions"}],"predecessor-version":[{"id":8978,"href":"https:\/\/irrecams.de\/staging\/wp-json\/wp\/v2\/pages\/48\/revisions\/8978"}],"up":[{"embeddable":true,"href":"https:\/\/irrecams.de\/staging\/wp-json\/wp\/v2\/pages\/40"}],"wp:attachment":[{"href":"https:\/\/irrecams.de\/staging\/wp-json\/wp\/v2\/media?parent=48"}],"curies":[{"name":"wp","href":"https:\/\/api.w.org\/{rel}","templated":true}]}}