{"id":94,"date":"2015-01-07T17:27:52","date_gmt":"2015-01-07T16:27:52","guid":{"rendered":"http:\/\/wp10590344.server-he.de\/irrecams2\/?page_id=94"},"modified":"2022-10-08T17:20:55","modified_gmt":"2022-10-08T15:20:55","slug":"impressum","status":"publish","type":"page","link":"https:\/\/irrecams.de\/staging\/impressum\/","title":{"rendered":"Impressum"},"content":{"rendered":"\n<p>Internetadresse: <a href=\"http:\/\/irrecams.de\/staging\">www.IRreCams.de<\/a><\/p>\n\n\n\n<p>IRreCams Lamprecht<\/p>\n\n\n\n<p>Inhaber: Sven Lamprecht<\/p>\n\n\n\n<p>Moorberg 8c<br>18573 Dreschvitz<br>Deutschland<\/p>\n\n\n\n<p>Telefon: (+49) 038306 622513<br>Mobil: (+49) 0151 5 48 48 914<\/p>\n\n\n\n<p>Mail: <a href=\"mailto:info@irrecams.de\">info@IRreCams.de<\/a><\/p>\n\n\n\n<p>Umsatzsteuer-Identifikationsnummer: DE275518370<\/p>\n\n\n\n<p>Verantwortlich gem\u00e4\u00df \u00a7 18 MStV:<br>Sven Lamprecht<br>Moorberg 8c<br>18573 Dreschvitz<\/p>\n\n\n\n<p>Die Europ\u00e4ische Kommission stellt eine Plattform zur Online-Streitbeilegung (OS) bereit, die Sie hier finden <a rel=\"noreferrer noopener nofollow\" class=\"rank-math-link\" href=\"https:\/\/ec.europa.eu\/consumers\/odr\/\" target=\"_blank\">https:\/\/ec.europa.eu\/consumers\/odr\/<\/a>. Wir sind bereit, an einem au\u00dfergerichtlichen Schlichtungsverfahren vor einer Verbraucherschlichtungsstelle teilzunehmen.<\/p>\n\n\n\n<p><a href=\"http:\/\/irrecams.de\/staging\/datenschutz\/\">Lesen Sie hier die Datenschutzerkl\u00e4rung<\/a><\/p>\n\n\n\n<p><a href=\"http:\/\/irrecams.de\/staging\/widerrufsbelehrung\/\">Lesen Sie hier die Widerrufsbelehrung<\/a><\/p>\n\n\n\n<p><a href=\"http:\/\/irrecams.de\/staging\/allgemeine-geschaeftsbedingungen\/\">Lesen Sie hier die Allgemeinen Gesch\u00e4ftsbedingungen<\/a><\/p>\n\n\n\n<p><\/p>\n\n\n\n<h4 class=\"wp-block-heading\">Haftungshinweis:<\/h4>\n\n\n\n<p>Die auf dieser Seite enthaltenen Empfehlungen und Angaben sind vom Autor mit gro\u00dfer Sorgfalt zusammengestellt und gepr\u00fcft worden. Eine Garantie f\u00fcr die Richtigkeit der Angaben kann aber nicht gegeben werden. Der Autor \u00fcbernimmt keinerlei Haftung f\u00fcr Sch\u00e4den und Unf\u00e4lle welche in Folge von Empfehlungen und Angaben auf dieser Seite entstanden sind.<\/p>\n\n\n\n<p>Trotz sorgf\u00e4ltiger inhaltlicher \u00dcberpr\u00fcfung \u00fcbernimmt der Seitenbetreiber keine Haftung f\u00fcr die Inhalte externer Links. F\u00fcr den Inhalt der verlinkten Seiten sind ausschlie\u00dflich die jeweiligen Betreiber verantwortlich.<\/p>\n\n\n\n<h4 class=\"wp-block-heading\">Urheberrecht und Inhaltliche Nutzung:<\/h4>\n\n\n\n<p>Alle Bilder, Grafiken, Texte und grafischen Gestaltungen sind nach dem deutschen Urheberrecht geistiges Eigentum des Seitenbetreibers.<br>Eine \u00dcbernahme oder Nutzung von Inhalten dieser Seite stellt der Seitenbetreiber im Rahmen der <a href=\"http:\/\/creativecommons.org\/licenses\/by-nc-sa\/3.0\/de\/\" target=\"_blank\" rel=\"noreferrer noopener\">Creative Commons &#8222;Namensnennung-Nicht-kommerziell-Weitergabe unter gleichen Bedingungen 3.0 Deutschland License&#8220; (CC by-nc-sa)<\/a> frei. Sollten Sie Inhalte dieser Seite ohne die Einhaltung der &#8222;CC by-nc-sa&#8220; verwenden wollen, wenden Sie sich bitte an den Seitenbetreiber.<\/p>\n\n\n\n<p><\/p>\n\n\n\n<h4 class=\"wp-block-heading\">Webanalyse mit Matomo<\/h4>\n\n\n\n<p>Diese Webseite benutzt Matomo, eine Open-Source-Software zur statistischen Auswertung von Besucherzugriffen. N\u00e4here Informationen finden Sie in der <a href=\"http:\/\/irrecams.de\/staging\/datenschutz\/\">Datenschutzerkl\u00e4rung<\/a>. <\/p>\n\n\n\n<iframe style=\"border: 1; height: 200px; width: 600px;\" src=\"http:\/\/irrecams.de\/staging\/matomo\/index.php?module=CoreAdminHome&amp;action=optOut&amp;language=de&amp;backgroundColor=&amp;fontColor=&amp;fontSize=&amp;fontFamily=\"><\/iframe>\n\n\n\n<p>Wenn Sie die statistischen Auswertung durch Matomo nicht w\u00fcnschen, k\u00f6nnen Sie in Ihrem Browser auch die &#8222;Do-Not-Track&#8220; Funktion einschalten. Wir respektieren diese Entscheidung und erfassen dann keine Daten f\u00fcr die Besucherstatistik. Bitte verwenden Sie die Hilfefunktionen Ihres Internetbrowsers, um zu erfahren, wie Sie diese Einstellungen \u00e4ndern k\u00f6nnen.<\/p>\n\n\n<p>[gzd_complaints]<\/p>\n","protected":false},"excerpt":{"rendered":"<p>Internetadresse: www.IRreCams.de IRreCams Lamprecht Inhaber: Sven Lamprecht Moorberg 8c18573 DreschvitzDeutschland Telefon: (+49) 038306 622513Mobil: (+49) 0151 5 48 48 914 Mail: info@IRreCams.de Umsatzsteuer-Identifikationsnummer: DE275518370 Verantwortlich gem\u00e4\u00df \u00a7 18 MStV:Sven LamprechtMoorberg 8c18573 Dreschvitz Die Europ\u00e4ische Kommission stellt eine Plattform zur Online-Streitbeilegung (OS) bereit, die Sie hier finden https:\/\/ec.europa.eu\/consumers\/odr\/. Wir sind bereit, an einem au\u00dfergerichtlichen Schlichtungsverfahren vor &hellip; <\/p>\n<p class=\"link-more\"><a href=\"https:\/\/irrecams.de\/staging\/impressum\/\" class=\"more-link\"><span class=\"screen-reader-text\">\u201eImpressum\u201c<\/span> weiterlesen<\/a><\/p>\n","protected":false},"author":1,"featured_media":0,"parent":0,"menu_order":11,"comment_status":"closed","ping_status":"closed","template":"","meta":[],"_links":{"self":[{"href":"https:\/\/irrecams.de\/staging\/wp-json\/wp\/v2\/pages\/94"}],"collection":[{"href":"https:\/\/irrecams.de\/staging\/wp-json\/wp\/v2\/pages"}],"about":[{"href":"https:\/\/irrecams.de\/staging\/wp-json\/wp\/v2\/types\/page"}],"author":[{"embeddable":true,"href":"https:\/\/irrecams.de\/staging\/wp-json\/wp\/v2\/users\/1"}],"replies":[{"embeddable":true,"href":"https:\/\/irrecams.de\/staging\/wp-json\/wp\/v2\/comments?post=94"}],"version-history":[{"count":6,"href":"https:\/\/irrecams.de\/staging\/wp-json\/wp\/v2\/pages\/94\/revisions"}],"predecessor-version":[{"id":8887,"href":"https:\/\/irrecams.de\/staging\/wp-json\/wp\/v2\/pages\/94\/revisions\/8887"}],"wp:attachment":[{"href":"https:\/\/irrecams.de\/staging\/wp-json\/wp\/v2\/media?parent=94"}],"curies":[{"name":"wp","href":"https:\/\/api.w.org\/{rel}","templated":true}]}}